{"id":49,"date":"2020-08-08T19:50:26","date_gmt":"2020-08-08T19:50:26","guid":{"rendered":"http:\/\/lineht.com.br\/?page_id=49"},"modified":"2020-08-22T01:48:22","modified_gmt":"2020-08-22T01:48:22","slug":"home-theater","status":"publish","type":"page","link":"http:\/\/lineht.com.br\/index.php\/home-theater\/","title":{"rendered":"Home Theater"},"content":{"rendered":"\n<div class=\"wp-block-media-text alignwide has-media-on-the-right is-stacked-on-mobile\"><figure class=\"wp-block-media-text__media\"><img fetchpriority=\"high\" decoding=\"async\" width=\"600\" height=\"400\" src=\"http:\/\/lineht.com.br\/wp-content\/uploads\/2020\/08\/WhatsApp-Image-2020-08-21-at-10.40.34-PM.jpeg\" alt=\"\" class=\"wp-image-73\" srcset=\"http:\/\/lineht.com.br\/wp-content\/uploads\/2020\/08\/WhatsApp-Image-2020-08-21-at-10.40.34-PM.jpeg 600w, http:\/\/lineht.com.br\/wp-content\/uploads\/2020\/08\/WhatsApp-Image-2020-08-21-at-10.40.34-PM-300x200.jpeg 300w\" sizes=\"(max-width: 600px) 100vw, 600px\" \/><\/figure><div class=\"wp-block-media-text__content\">\n<p>O que voc\u00ea acha de ter dentro da sua casa um incr\u00edvel ambiente de cinema?<\/p>\n\n\n\n<p>Saiba que existem equipamentos capazes de te levar a mergulhar nessa experi\u00eancia de entretenimento simulando um cinema dentro da sua casa.<\/p>\n<\/div><\/div>\n\n\n\n<div class=\"wp-block-media-text alignwide is-stacked-on-mobile\"><figure class=\"wp-block-media-text__media\"><img decoding=\"async\" width=\"600\" height=\"485\" src=\"http:\/\/lineht.com.br\/wp-content\/uploads\/2020\/08\/depositphotos_10605143-stock-photo-family-watching-tv-true-emotions.jpg\" alt=\"\" class=\"wp-image-71\" srcset=\"http:\/\/lineht.com.br\/wp-content\/uploads\/2020\/08\/depositphotos_10605143-stock-photo-family-watching-tv-true-emotions.jpg 600w, http:\/\/lineht.com.br\/wp-content\/uploads\/2020\/08\/depositphotos_10605143-stock-photo-family-watching-tv-true-emotions-300x243.jpg 300w\" sizes=\"(max-width: 600px) 100vw, 600px\" \/><\/figure><div class=\"wp-block-media-text__content\">\n<p class=\"has-larger-font-size\">Entre em contato para desenvolver o melhor projeto para sua sala.<\/p>\n<\/div><\/div>\n\n\n\n<p><\/p>\n","protected":false},"excerpt":{"rendered":"<p>O que voc\u00ea acha de ter dentro da sua casa um incr\u00edvel ambiente de cinema? Saiba que existem equipamentos capazes de te levar a mergulhar nessa experi\u00eancia de entretenimento simulando um cinema dentro da sua casa. Entre em contato para desenvolver o melhor projeto para sua sala.<\/p>\n","protected":false},"author":1,"featured_media":0,"parent":0,"menu_order":0,"comment_status":"closed","ping_status":"closed","template":"","meta":{"footnotes":""},"class_list":["post-49","page","type-page","status-publish","hentry"],"_links":{"self":[{"href":"http:\/\/lineht.com.br\/index.php\/wp-json\/wp\/v2\/pages\/49","targetHints":{"allow":["GET"]}}],"collection":[{"href":"http:\/\/lineht.com.br\/index.php\/wp-json\/wp\/v2\/pages"}],"about":[{"href":"http:\/\/lineht.com.br\/index.php\/wp-json\/wp\/v2\/types\/page"}],"author":[{"embeddable":true,"href":"http:\/\/lineht.com.br\/index.php\/wp-json\/wp\/v2\/users\/1"}],"replies":[{"embeddable":true,"href":"http:\/\/lineht.com.br\/index.php\/wp-json\/wp\/v2\/comments?post=49"}],"version-history":[{"count":4,"href":"http:\/\/lineht.com.br\/index.php\/wp-json\/wp\/v2\/pages\/49\/revisions"}],"predecessor-version":[{"id":75,"href":"http:\/\/lineht.com.br\/index.php\/wp-json\/wp\/v2\/pages\/49\/revisions\/75"}],"wp:attachment":[{"href":"http:\/\/lineht.com.br\/index.php\/wp-json\/wp\/v2\/media?parent=49"}],"curies":[{"name":"wp","href":"https:\/\/api.w.org\/{rel}","templated":true}]}}